
{"id":686,"date":"2025-08-14T11:08:47","date_gmt":"2025-08-14T11:08:47","guid":{"rendered":"https:\/\/educationaldatamining.org\/edm2025\/?page_id=686"},"modified":"2025-08-14T11:09:49","modified_gmt":"2025-08-14T11:09:49","slug":"awards","status":"publish","type":"page","link":"https:\/\/educationaldatamining.org\/edm2025\/awards\/","title":{"rendered":"Awards"},"content":{"rendered":"\n<h3 class=\"wp-block-heading\"><strong>2024 Prof. Ram Kumar Educational Data Mining Test of Time Award<\/strong>:<\/h3>\n\n\n\n<p>Radek Pel\u00e1nek, for his paper \u201cMetrics for Evaluation of Student Models<\/p>\n\n\n\n<h3 class=\"wp-block-heading\"><strong><u>Best paper awards<\/u><\/strong><\/h3>\n\n\n\n<p>The winners of the&nbsp;<strong>EDM2025 Best paper award<\/strong>&nbsp;were: <br>Liang Tang and Nigel Bosch, for their paper \u201cHuman-crafted Features in Machine Learning&nbsp; Increase Trust but Risk Over-reliance\u201d<\/p>\n\n\n\n<p>The winners of the&nbsp;<strong>EDM2025 Best short paper award<\/strong>&nbsp;were:<br>Seehee Park, Danielle Shariff, Mohammad Amin Samadi, Nia Nixon and Sidney D\u2019Mello, for their paper \u201cFrom Discourse to Dynamics: Understanding Team Interactions Through Temporally Sensitive NLP\u201d<\/p>\n\n\n\n<p>The winners of the&nbsp;<strong>EDM2025 Best poster paper award<\/strong>&nbsp;were:<br>Mark Kim, Shreyas Raghuraman, Arno Puder, Craig Hayward and Hui Yang, for their paper \u201cPredicting Course Transferability Using Deep Embeddings and Traditional Classifiers\u201d<\/p>\n\n\n\n<h3 class=\"wp-block-heading\"><strong><u>Nominees<\/u><\/strong><strong><u><\/u><\/strong><\/h3>\n\n\n\n<p><strong>Full Papers:<\/strong><\/p>\n\n\n\n<ul class=\"wp-block-list\">\n<li><strong>Starting Seatwork Earlier as a Valid Measure of Student Engagement<br><\/strong><em>Ashish Gurung, Jionghao Lin, Zhongtian Huang, Conrad Borchers, Ryan Baker, Vincent Aleven, Kenneth Koedinger<\/em><\/li>\n\n\n\n<li><strong>Human-crafted Features in Machine Learning Increase Trust but Risk Over-reliance<br><\/strong><em>Liang Tang, Nigel Bosch<\/em><\/li>\n\n\n\n<li><strong>Analysis of Students\u2019 Attempts Trajectories in Learning Programming<br><\/strong><em>Idir Sa\u00efdi, Nicolas Durand, Fr\u00e9d\u00e9ric Flouvat<\/em><\/li>\n\n\n\n<li><strong>Fairness of Bayesian Knowledge Tracing for Math Learners of Different Reading Ability<br><\/strong><em>Frank Stinar, Haejin Lee, Clara Belitz, Nidhi Nasiar, Stephen Fancsali, Steve Ritter, Husni Almoubayyed, Ryan Baker, Jaclyn Ocumpaugh, Nigel Bosch<\/em><\/li>\n\n\n\n<li><strong>Nonstandard English and the Automated Scoring of Open-Ended Math Problems<br><\/strong><em>Abubakir Siedahmed, Jaclyn Ocumpaugh, Zelda Ferris, Dinesh Kodwani, Neil Heffernan, Eamon Worden<\/em><\/li>\n<\/ul>\n\n\n\n<p><strong>Short papers:<\/strong><\/p>\n\n\n\n<ul class=\"wp-block-list\">\n<li><strong>Toward Sufficient Statistical Power in Algorithmic Bias Assessment: A Test for ABROCA<br><\/strong><em>Conrad Borchers<\/em><\/li>\n\n\n\n<li><strong>Using Survival Analysis to Identify the Factors that Mitigate Attrition among Adult Learners with Low Literacy Skills in an ITS-based Literacy Program<br><\/strong><em>Genghu Shi, Shun Peng, Daphne Greenberg, Jan Frijters, Arthur Graesser<\/em><\/li>\n\n\n\n<li><strong>Math Content Readability, Student Reading Ability, and Behavior Associated with Gaming the System in Adaptive Learning Software<br><\/strong><em>Pranjli Khanna, Kaleb Mathieu, Kole Norberg, Husni Almoubayyed, Stephen Fancsali<\/em><\/li>\n\n\n\n<li><strong>Heterogeneous Treatment Effects of Learning Analytics Dashboards: Do All Learners Benefit Equally?<br><\/strong><em>Aylin Ozturk, Robin Schmucker, Tom Mitchell, Alper Tolga Kumtepe<\/em><\/li>\n\n\n\n<li><strong>From Discourse to Dynamics: Understanding Team Interactions Through Temporally Sensitive NLP<br><\/strong><em>Seehee Park, Danielle Shariff, Mohammad Amin Samadi, Nia Nixon, Sidney D&#8217;Mello<\/em><\/li>\n<\/ul>\n\n\n\n<p><strong>Poster papers:<\/strong><\/p>\n\n\n\n<ul class=\"wp-block-list\">\n<li><strong>Predicting Course Transferability Using Deep Embeddings and Traditional Classifiers<br><\/strong><em>Mark Kim, Shreyas Raghuraman, Arno Puder, Craig Hayward, Hui Yang<\/em><\/li>\n\n\n\n<li><strong>On the Practicality of Differential Privacy for Knowledge Tracing<br><\/strong><em>Anika Kabir, Chandan Tankala, Daniel Lowd<\/em><\/li>\n<\/ul>\n\n\n\n<p><\/p>\n","protected":false},"excerpt":{"rendered":"<p>2024 Prof. Ram Kumar Educational Data Mining Test of Time Award: Radek Pel\u00e1nek, for his paper \u201cMetrics for Evaluation of Student Models Best paper awards The winners of the&nbsp;EDM2025 Best paper award&nbsp;were: Liang Tang and Nigel Bosch, for their paper \u201cHuman-crafted Features in Machine Learning&nbsp; Increase Trust but Risk Over-reliance\u201d The winners of the&nbsp;EDM2025 Best [&hellip;]<\/p>\n","protected":false},"author":26,"featured_media":0,"parent":0,"menu_order":0,"comment_status":"closed","ping_status":"closed","template":"","meta":{"_acf_changed":false,"footnotes":""},"categories":[],"tags":[],"class_list":["post-686","page","type-page","status-publish","hentry"],"acf":[],"_links":{"self":[{"href":"https:\/\/educationaldatamining.org\/edm2025\/wp-json\/wp\/v2\/pages\/686","targetHints":{"allow":["GET"]}}],"collection":[{"href":"https:\/\/educationaldatamining.org\/edm2025\/wp-json\/wp\/v2\/pages"}],"about":[{"href":"https:\/\/educationaldatamining.org\/edm2025\/wp-json\/wp\/v2\/types\/page"}],"author":[{"embeddable":true,"href":"https:\/\/educationaldatamining.org\/edm2025\/wp-json\/wp\/v2\/users\/26"}],"replies":[{"embeddable":true,"href":"https:\/\/educationaldatamining.org\/edm2025\/wp-json\/wp\/v2\/comments?post=686"}],"version-history":[{"count":3,"href":"https:\/\/educationaldatamining.org\/edm2025\/wp-json\/wp\/v2\/pages\/686\/revisions"}],"predecessor-version":[{"id":691,"href":"https:\/\/educationaldatamining.org\/edm2025\/wp-json\/wp\/v2\/pages\/686\/revisions\/691"}],"wp:attachment":[{"href":"https:\/\/educationaldatamining.org\/edm2025\/wp-json\/wp\/v2\/media?parent=686"}],"wp:term":[{"taxonomy":"category","embeddable":true,"href":"https:\/\/educationaldatamining.org\/edm2025\/wp-json\/wp\/v2\/categories?post=686"},{"taxonomy":"post_tag","embeddable":true,"href":"https:\/\/educationaldatamining.org\/edm2025\/wp-json\/wp\/v2\/tags?post=686"}],"curies":[{"name":"wp","href":"https:\/\/api.w.org\/{rel}","templated":true}]}}