
{"id":199,"date":"2024-12-02T10:33:06","date_gmt":"2024-12-02T10:33:06","guid":{"rendered":"https:\/\/educationaldatamining.org\/edm2025\/?page_id=199"},"modified":"2025-06-20T10:23:08","modified_gmt":"2025-06-20T10:23:08","slug":"organizing-committee","status":"publish","type":"page","link":"https:\/\/educationaldatamining.org\/edm2025\/organizing-committee\/","title":{"rendered":"Organizing Committee"},"content":{"rendered":"\n<h3 class=\"wp-block-heading\">General Chairs<\/h3>\n\n\n\n<ul class=\"wp-block-list\">\n<li>Davide Taibi, Institute for Educational Technology &#8211; National Research Council of Italy (CNR-ITD), Italy<\/li>\n\n\n\n<li>Giosue&#8217; Lo Bosco, University of Palermo, Italy<\/li>\n\n\n\n<li>Luc Paquette, University of Illinois at Urbana-Champaign, USA<\/li>\n<\/ul>\n\n\n\n<h3 class=\"wp-block-heading\">Program Chairs<\/h3>\n\n\n\n<ul class=\"wp-block-list\">\n<li>Caitlin Mills, University of Minnesota, USA<\/li>\n\n\n\n<li>Giora Alexandron, Weizmann institute of Science, Israel<\/li>\n<\/ul>\n\n\n\n<h3 class=\"wp-block-heading\">Sponsorship Chair\/s<\/h3>\n\n\n\n<ul class=\"wp-block-list\">\n<li>Simon Woodhead, Eedi, UK<\/li>\n\n\n\n<li>Pier Paolo Corso, University of Palermo, Italy<\/li>\n<\/ul>\n\n\n\n<h3 class=\"wp-block-heading\">Web Chair\/s<\/h3>\n\n\n\n<ul class=\"wp-block-list\">\n<li>Paul Salvador Inventado, California State University Fullerton, USA<\/li>\n\n\n\n<li>Daniele Schicchi, Institute for Educational Technology &#8211; National Research Council of Italy (CNR-ITD)<\/li>\n<\/ul>\n\n\n\n<h3 class=\"wp-block-heading\">Industry Track Chairs<\/h3>\n\n\n\n<ul class=\"wp-block-list\">\n<li>Yang Jiang, Educational Testing Service, USA<\/li>\n\n\n\n<li>Avi Segal, Ben-Gurion University of the Negev, Israel<\/li>\n\n\n\n<li>Davide Zucchetti<\/li>\n<\/ul>\n\n\n\n<h3 class=\"wp-block-heading\">Doctoral Consortium Chairs<\/h3>\n\n\n\n<ul class=\"wp-block-list\">\n<li>Min Chi, North Carolina State University, USA<\/li>\n\n\n\n<li>Angela Stewart, University of Pittsburgh, USA<\/li>\n\n\n\n<li>Neil Heffernan, Worcester Polytechnic Institute, USA<\/li>\n<\/ul>\n\n\n\n<h3 class=\"wp-block-heading\">JEDM Track Chairs<\/h3>\n\n\n\n<ul class=\"wp-block-list\">\n<li>Agathe Merceron, Berlin University of Applied Sciences, Germany<\/li>\n\n\n\n<li>Roberto Martinez-Maldonado, Monash University, Australia<\/li>\n<\/ul>\n\n\n\n<h3 class=\"wp-block-heading\">Poster &amp; Demo Track Chairs<\/h3>\n\n\n\n<ul class=\"wp-block-list\">\n<li>Mingyu Feng, WestEd, USA<\/li>\n\n\n\n<li>Heeryung Choi, University of Michigan, USA<\/li>\n\n\n\n<li>Tanya Nazaretsky, \u00c9cole Polytechnique F\u00e9d\u00e9rale de Lausanne, Switzerland<\/li>\n<\/ul>\n\n\n\n<h3 class=\"wp-block-heading\">Workshop &amp; Tutorial Chair\/s<\/h3>\n\n\n\n<ul class=\"wp-block-list\">\n<li>Stephen Hutt, University of Denver, USA<\/li>\n\n\n\n<li>Yang Shi, Utah State University, USA<\/li>\n\n\n\n<li>Ramkumar Rajendran, IIT Bombay, India<\/li>\n<\/ul>\n\n\n\n<h3 class=\"wp-block-heading\">Student Volunteer Chair\/s<\/h3>\n\n\n\n<ul class=\"wp-block-list\">\n<li>Salvatore Calderaro, University of Palermo, Italy<\/li>\n<\/ul>\n\n\n\n<h3 class=\"wp-block-heading\">Equity, Diversity, Inclusion, and Accessibility Chairs<\/h3>\n\n\n\n<ul class=\"wp-block-list\">\n<li>Anna Rafferty, Carleton College, USA<\/li>\n\n\n\n<li>Nigel Bosch, University of Illinois at Urbana-Champaign, USA<\/li>\n\n\n\n<li>Laura Allen, University of Minnesota, USA<\/li>\n<\/ul>\n\n\n\n<h3 class=\"wp-block-heading\">Social Media &amp; Publicity Chairs<\/h3>\n\n\n\n<ul class=\"wp-block-list\">\n<li>Jill-J\u00eann Vie , Inria, France<\/li>\n\n\n\n<li>Gabriella Casalino, University of Bari, Italy<\/li>\n<\/ul>\n\n\n\n<h3 class=\"wp-block-heading\">Proceedings Chairs<\/h3>\n\n\n\n<ul class=\"wp-block-list\">\n<li>Mirko Marras, University of Cagliari, Italy<\/li>\n\n\n\n<li>Miguel Portaz, UNED, Spain<\/li>\n<\/ul>\n\n\n\n<h3 class=\"wp-block-heading\">Scholarship Chairs<\/h3>\n\n\n\n<ul class=\"wp-block-list\">\n<li>Ryan Baker, University of Pennsylvania, USA<\/li>\n\n\n\n<li>Tanja Mitrovic, University of Canterbury, New Zealand<\/li>\n<\/ul>\n\n\n\n<h3 class=\"wp-block-heading\">Awards Chairs<\/h3>\n\n\n\n<ul class=\"wp-block-list\">\n<li>Arnon Hershkovitz, Tel-Aviv University, Israel<\/li>\n\n\n\n<li>Tanja K\u00e4ser, \u00c9cole Polytechnique F\u00e9d\u00e9rale de Lausanne, Switzerland<\/li>\n<\/ul>\n\n\n\n<p><\/p>\n","protected":false},"excerpt":{"rendered":"<p>General Chairs Program Chairs Sponsorship Chair\/s Web Chair\/s Industry Track Chairs Doctoral Consortium Chairs JEDM Track Chairs Poster &amp; Demo Track Chairs Workshop &amp; Tutorial Chair\/s Student Volunteer Chair\/s Equity, Diversity, Inclusion, and Accessibility Chairs Social Media &amp; Publicity Chairs Proceedings Chairs Scholarship Chairs Awards Chairs<\/p>\n","protected":false},"author":26,"featured_media":0,"parent":0,"menu_order":0,"comment_status":"closed","ping_status":"closed","template":"","meta":{"_acf_changed":false,"footnotes":""},"categories":[],"tags":[],"class_list":["post-199","page","type-page","status-publish","hentry"],"acf":[],"_links":{"self":[{"href":"https:\/\/educationaldatamining.org\/edm2025\/wp-json\/wp\/v2\/pages\/199","targetHints":{"allow":["GET"]}}],"collection":[{"href":"https:\/\/educationaldatamining.org\/edm2025\/wp-json\/wp\/v2\/pages"}],"about":[{"href":"https:\/\/educationaldatamining.org\/edm2025\/wp-json\/wp\/v2\/types\/page"}],"author":[{"embeddable":true,"href":"https:\/\/educationaldatamining.org\/edm2025\/wp-json\/wp\/v2\/users\/26"}],"replies":[{"embeddable":true,"href":"https:\/\/educationaldatamining.org\/edm2025\/wp-json\/wp\/v2\/comments?post=199"}],"version-history":[{"count":6,"href":"https:\/\/educationaldatamining.org\/edm2025\/wp-json\/wp\/v2\/pages\/199\/revisions"}],"predecessor-version":[{"id":491,"href":"https:\/\/educationaldatamining.org\/edm2025\/wp-json\/wp\/v2\/pages\/199\/revisions\/491"}],"wp:attachment":[{"href":"https:\/\/educationaldatamining.org\/edm2025\/wp-json\/wp\/v2\/media?parent=199"}],"wp:term":[{"taxonomy":"category","embeddable":true,"href":"https:\/\/educationaldatamining.org\/edm2025\/wp-json\/wp\/v2\/categories?post=199"},{"taxonomy":"post_tag","embeddable":true,"href":"https:\/\/educationaldatamining.org\/edm2025\/wp-json\/wp\/v2\/tags?post=199"}],"curies":[{"name":"wp","href":"https:\/\/api.w.org\/{rel}","templated":true}]}}