
{"id":697,"date":"2024-06-14T07:42:29","date_gmt":"2024-06-14T07:42:29","guid":{"rendered":"https:\/\/educationaldatamining.org\/edm2024\/?page_id=697"},"modified":"2024-06-14T07:42:30","modified_gmt":"2024-06-14T07:42:30","slug":"program-committee","status":"publish","type":"page","link":"https:\/\/educationaldatamining.org\/edm2024\/program-committee\/","title":{"rendered":"Program Committee"},"content":{"rendered":"\n<h2 class=\"wp-block-heading\">Senior PC Members<\/h2>\n\n\n\n<p>Bita Akram, North Carolina State University<br>Giora Alexandron, Weizmann Institute of Science<br>Roger Azevedo, University of Central Florida<br>Ryan Baker, University of Pennsylvania<br>Tiffany Barnes, North Carolina State University<br>Gautam Biswas, Vanderbilt University<br>Ig Ibert Bittencourt, Federal University of Alagoas<br>Nigel Bosch, University of Illinois Urbana-Champaign<br>Anthony F. Botelho, University of Florida<br>Fran\u00e7ois Bouchet, Sorbonne Universit\u00e9 &#8211; LIP6<br>Alex Bowers, Columbia University<br>Min Chi, BeiKaZhouLi<br>Anat Cohen, Tel-Aviv University<br>Cristina Conati, The University of British Columbia<br>Linda Corrin, Deakin University<br>Alexandra Cristea, Durham University<br>Michel Desmarais, Ecole Polytechnique de Montreal<br>Fabiano Dor\u00e7a, Universidade Federal de Uberlandia<br>Michael Eagle, George Mason University<br>Vanessa Echeverria, Monash University<br>Yo Ehara, Tokyo Gakugei University<br>Mingyu Feng, WestEd<br>Carol Forsyth, Educational Testing Service<br>Kobi Gal, The University of Edinburgh<br>Praveen Garimella, International Institute of Information Technology<br>Dragan Gasevic, Monash University<br>Neil Heffernan, Worcester Polytechnic Institute<br>Sharon Hsiao, Santa Clara University<br>Xiao Hu, The University of Hong Kong<br>Paul Salvador Inventado, California State University Fullerton<br>Johan Jeuring, Utrecht University<br>Srecko Joksimovic, Education Future, University of South Australia<br>Jelena Jovanovic, University of Belgrade<br>Tanja K\u00e4ser, EPFL<br>Enkelejda Kasneci, Technical University of Munich<br>Hiroaki Kawashima, University of Hyogo<br>Kirsty Kitto, University of Technology, Sydney<br>Rene Kizilcec, Cornell University<br>Simon Knight, UTS<br>Kenneth Koedinger, Carnegie Mellon University<br>Irena Koprinska, The University of Sydney<br>Andrew Lan, University of Massachusetts Amherst<br>Mirko Marras, University of Cagliari<br>Roberto Angel Melendez, Instituto Tecnologico Superior de Misantla<br>Agathe Merceron, Berliner Hochschule f\u00fcr Technik &#8211; Berlin State University of Applied Sciences<br>Tanja Mitrovic, Intelligent Computer Tutoring Group, University of Canterbury, Christchurch<br>Roger Nkambou, Universit\u00e9 du Qu\u00e9bec \u00e0 Montr\u00e9al<br>Andrew Olney, University of Memphis<br>Ranilson Paiva, Universidade Federal de Alagoas<br>Luc Paquette, University of Illinois at Urbana-Champaign<br>Zach Pardos, University of California, Berkeley<br>Radek Pel\u00e1nek, Masaryk University Brno<br>Thomas Price, North Carolina State University<br>Anna Rafferty, Carleton College<br>R Rajalakshmi, VIT University, Chennai Campus<br>Ramkumar Rajendran, IIT Bombay<br>Steven Ritter, Carnegie Learning, Inc.<br>Maria Mercedes T. Rodrigo, Department of Information Systems and Computer Science, Ateneo de Manila University<br>Cristobal Romero, Department of Computer Sciences and Numerical Analysis<br>Sherry Sahebi, University at Albany &#8211; SUNY<br>Demetrios Sampson, Curtin University<br>Olga Santos, UNED<br>Avi Segal, Ben Gurion University<br>Niels Seidel, FernUniversit\u00e4t in Hagen<br>Atsushi Shimada, Kyushu University<br>Sergey Sosnovsky, Utrecht University<br>Tiffany Tang, Wenzhou-Kean University<br>Jill-J\u00eann Vie, Inria Lille<br>Lanqin Zheng, Beijing Normal University<\/p>\n\n\n\n<h2 class=\"wp-block-heading\">PC Members<\/h2>\n\n\n\n<p>Mark Abdelshiheed, University of Colorado Boulder<br>Faruk Ahmed, The University of Memphis<br>Nazia Alam, North Carolina State University<br>Laia Alb\u00f3, Universitat Pompeu Fabra<br>Laura Allen, University of Minnesota<br>Isaac Alpizar Chacon, Utrecht University<br>Mohammad Alshehri, Durham University<br>Alvaro Alvares, Federal University of the Agreste of Pernambuco<br>Gisele Arevalo, University of Alberta<br>Sim\u00f3n Pedro Arguijo, Tecnol\u00f3gico Nacional de M\u00e9xico campus Misantla<br>T.S. Ashwin, Vanderbilt University<br>Ayan Banerjee, Arizona State University<br>Denilson Barbosa, University of Alberta<br>Abhinava Barthakur, University of South Australia<br>Prateek Basavaraj, American Association of State Colleges and Universities<br>Marie Bexte, FernUniversit\u00e4t in Hagen<br>Anis Bey, La Rochelle University<br>Plaban Kumar Bhowmick, Indian Institute of Technology Kharagpur<br>Nathaniel Blanchard, Pontificia Universidad Cat\u00f3lica de Esmeraldas<br>Maria Bolsinova, Tilburg University<br>Conrad Borchers, Carnegie Mellon University<br>Jesus G. Boticario, UNED<br>Marie-Luce Bourguet, Queen Mary London<br>Matthieu Brinkhuis, Utrecht University<br>Ted Briscoe, University of Cambridge<br>Julien Broisin, IRIT, Universit\u00e9 Toulouse III &#8211; Paul Sabatier, Toulouse, France<br>Minghao Cai, University of Alberta<br>Renza Campagni, Universit\u00e0 degli Studi di Firenze<br>Jie Cao, University of Colorado Boulder<br>Meng Cao, University of Memphis<br>Nicol\u00e1s Cardozo, Universidad de los Andes<br>Paulo Carvalho, Carnegie Mellon University<br>Guanliang Chen, Monash University<br>Heeryung Choi, University of Michigan<br>Wei Chu, The University of Memphis<br>Cheng-Yu Chung, National Yang Ming Chiao Tung University<br>Ruth Cobos, Universidad Aut\u00f3noma de Madrid<br>Aubrey Condor, University of California Berkeley<br>Maria de Los Angeles Constantino Gonz\u00e1lez, Tecnol\u00f3gico de Monterrey Campus Laguna<br>Maria Cutumisu, McGill University<br>Jesper Dannath, Universit\u00e4t Bielefeld<br>Syaamantak Das, Indian Institute of Technology Bombay<br>Alina Deriyeva, Universtity of Bielefeld<br>M Ali Akber Dewan, Athabasca University<br>Nicholas Diana, Colgate University<br>Fahima Djelil, IMT Atlantique<br>Mohsen Dorodchi, University of North Carolina Charlotte<br>Cristina Dumdumaya, University of Southeastern Philippines<br>Nghia Duong-Trung, German Research Centre for Artificial Intelligence<br>Luke Eglington, Amplify<br>Yo Ehara, Tokyo Gakugei University<br>Samira Elatia, University of Alberta<br>Fahmid Morshed Fahid, North Carolina State University<br>Yizhou Fan, Peking University<br>Stephen Fancsali, Carnegie Learning, Inc.<br>Effat Farhana, Vanderbilt University<br>M\u00e1rcia Fernandes, Federal University of Uberl\u00e2ndia<br>Nigel Fernandez, University of Massachusetts Amherst<br>Jeremiah Folsom-Kovarik, Soar Technology, Inc.<br>Kazuma Fuchimoto, The University of Electro-Communications<br>Hagit Gabbay, School of Education, Tel Aviv University<br>Kobi Gal, The University of Edinburgh<br>Wenbin Gan, National Institute of Information and Communications Technology<br>Mark Gierl, University of Alberta<br>Aldo Gordillo, Universidad Polit\u00e9cnica de Madrid (UPM)<br>Guher Gorgun, University of Alberta<br>Art Graesser, University of Memphis<br>Sabine Graf, Athabasca University<br>Monique Grandbastien, LORIA, Universite de Lorraine<br>Julio Guerra, Universidad Austral de Chile<br>Ella Haig, School of Computing, University of Portsmouth<br>Ching Nam Hang, City University of Hong Kong<br>Jiangang Hao, Educational Testing Service<br>Ellie Hajarian, Athabasca University<br>Jason Harley, McGill University<br>Erik Harpstead, Carnegie Mellon University<br>Fatima Harrak, Sorbonne Universit\u00e9 &#8211; LIP6<br>Carl Haynes-Magyar, Carnegie Mellon University<br>Surina He, University of Alberta<br>Sami Heikkinen, LAB University of Applied Sciences<br>Arto Hellas, Aalto University<br>Erik Hemberg, ALFA<br>Nicolas Hernandez, Nantes Universit\u00e9 &#8211; LS2N CNRS UMR 6004<br>Martin Hlosta, The Swiss Distance University of Applied Sciences<br>Anett Hoppe, L3S Research Centre, Leibniz Universit\u00e4t Hannover<br>Lingyun Huang, The Education University of Hong Kong<br>Yun Huang, Austral University of Chile<br>Paul Hur, University of Illinois at Urbana-Champaign<br>S\u00e9bastien Iksal, LIUM &#8211; Le Mans Universit\u00e9, France<br>Vladimir Ivan\u010devi\u0107, University of Novi Sad, Faculty of Technical Sciences<br>Hyeji Jang, Ewha Womans University<br>Emily Jensen, University of Colorado Boulder<br>Lan Jiang, University of Illinois Urbana-Champaign<br>David Joyner, Georgia Institute of Technology<br>Jina Kang, University of Illinois Urbana-Champaign<br>Tanja K\u00e4ser, EPFL<br>Mohammad Khalil, University of Bergen<br>Ekaterina Kochmar, MBZUAI<br>Elizabeth Koh, National Institute of Education, Nanyang Technological University, Singapore<br>Sotiris Kotsiantis, University of Patras<br>Vitomir Kovanovic, The University of South Australia<br>Milos Kravcik, DFKI GmbH<br>Swathi Krishnaraja, University of Potsdam<br>Roland Kuhn, National Research Council of Canada<br>Amruth Kumar, Ramapo College of New Jersey<br>Vive Kumar, Athabasca University<br>Vishal Kuvar, University of Minnesota<br>Hollis Lai, University of Alberta<br>S\u00e9bastien Lall\u00e9, Sorbonne University<br>Andrew Lan, University of Massachusetts Amherst<br>Juan Alfonso Lara Torralbo, University of C\u00f3rdoba<br>Mikel Larra\u00f1aga, University of the Basque Country<br>Elise Lavou\u00e9, iaelyon, Universit\u00e9 Jean Moulin Lyon 3, LIRIS<br>Tai Le Quy, IU International University of Applied Sciences<br>Vwen Yen Alwyn Lee, Nanyang Technological University<br>Marie Lefevre, LIRIS &#8211; Universit\u00e9 Lyon 1<br>Juho Leinonen, Aalto University<br>Arun Balajiee Lekshmi Narayanan, University of Pittsburgh<br>James Lester, North Carolina State University<br>Chenglu Li, University of Florida<br>Jiawei Li, Nanyang Technological University<br>Warren Li, University of Michigan<br>Jionghao Lin, Carnegie Mellon University<br>Qi Liu, University of Science and Technology of China<br>Zhexiong Liu, University of Pittsburgh<br>Sonsoles L\u00f3pez-Pernas, University of Eastern Finland<br>Yu Lu, Beijing Normal University<br>Vanda Luengo, Sorbonne Universit\u00e9 &#8211; LIP6<br>Ivan Lukovi\u0107, University of Belgrade, Faculty of Organizational Sciences<br>Collin Lynch, North Carolina State University<br>Nick Lytle, Georgia Tech Univeristy<br>Boxuan Ma, Kyshu University<br>Qiang Ma, Kyoto Institute of Technology<br>Qianou Ma, Carnegie Mellon University Human-Computer Interaction Institute<br>Jeffrey Matayoshi, McGraw Hill ALEKS<br>Madeth May, University of Maine<br>Gord McCalla, University of Saskatchewan<br>Emma McDonald, University of Alberta<br>Guilherme Medeiros Machado, ECE Paris<br>Victor Menendez-Dominguez, Universidad Aut\u00f3noma de Yucat\u00e1n<br>Donatella Merlini, Universit\u00e0 di Firenze<br>Caitlin Mills, University of Minnesota<br>Tsunenori Mine, Kyushu University<br>Tsubasa Minematsu, Kyushu University<br>Sein Minn, INRIA<br>Phaedra Mohammed, The University of the West Indies<br>Luis Alberto Morales Rosales, Conacyt-Universidad Michoacana de San Nicol\u00e1s de Hidalgo<br>Matthew Moreno, McGill University<br>Pedro Manuel Moreno-Marcos, Universidad Carlos III de Madrid<br>Bradford Mott, North Carolina State University<br>Kousuke Mouri, Tokyo University of Agriculture and Technology<br>Calarina Muslimani, University of Alberta<br>Tanya Nazaretsky, EPFL<br>Huy Nguyen, University of Pittsburgh<br>Narges Norouzi, Berkeley<br>Ange Adrienne Nyamen Tato, \u00c9cole de Technologie Sup\u00e9rieure<br>Teresa Ober, Educational Testing Service<br>P\u00fcren \u00d6ncel, University of Minnesota Twin Cities<br>Tounwendyam Fr\u00e9d\u00e9ric Ouedraogo, Universit\u00e9 Norbert ZONGO<br>Maciej Pankiewicz, Warsaw University of Life Sciences<br>Yeonjeong Park, Honam University<br>Philip Pavlik, University of Memphis<br>Jorge Poco, Funda\u00e7\u00e3o Getulio Vargas<br>Paul Stefan Popescu, University of Craiova<br>Oleksandra Poquet, Technical University of Munich<br>Ethan Prihar, \u00c9cole polytechnique f\u00e9d\u00e9rale de Lausanne<br>David Pritchard, Massachusetts Institute of Technology<br>Miroslava Raspopovi\u0107, Faculty of Information Technology<br>Narjes Rohani, University of Edinburgh<br>Jos\u00e9 Ra\u00fal Romero, University of Cordoba<br>Daniela Rotelli, University of Pisa<br>Mirka Saarela, University of Jyv\u00e4skyl\u00e4<br>Maria Ofelia San Pedro, Roblox<br>Sreecharan Sankaranarayanan, Carnegie Mellon University<br>Mohammed Saqr, University of Eastern Finland<br>Petra Sauer, beuth university of applied sciences<br>Robin Matthias Schmucker, Carnegie Mellon University<br>Filippo Sciarrone, Universitas Mercatorum<br>Kazuhisa Seta, Osaka Metropolitan University<br>Lele Sha, Monash University<br>Lei Shi, Newcastle University<br>Yang Shi, Utah State University<br>Jinnie Shin, University of Florida<br>Aditi Singh, Cleveland State University<br>Daevesh Singh, Indian Institute of Technology<br>Stefan Slater, Teachers College<br>Juyeong Song, Ewha Womans University<br>Frank Stinar, University of Illinois &#8211; Urbana Champaign<br>Vinitra Swamy, EPFL<br>Ana\u00efs Tack, KU Leuven<br>Ling Tan, Australian Council for Educational Research<br>Michelle Taub, University of Central Florida<br>Daniela Teodorescu, LMU Munich<br>Craig Thompson, The University of British Columbia<br>Emiko Tsutsumi, The University of Electro-Communications<br>Maomi Ueno, The University of Electro-Communications<br>Maya Usher, Technion<br>Masaki Uto, The University of Electro-Communications<br>Sowmya Vajjala, National Research Council, Canada<br>Jos\u00e9 Antonio Hiram V\u00e1zquez-L\u00f3pez, Tecnol\u00f3gico Nacional de M\u00e9xico<br>Oswaldo Velez-Langs, Universidad de Cordoba<br>R\u00e9mi Venant, Le Mans Universit\u00e9 &#8211; LIUM<br>Olga Viberg, KTH Royal Institute of Technology<br>Markel Vigo, The University of Manchester<br>Alessandro Vivas, UFVJM<br>Tuyet-Trinh Vu, SOICT-HUST<br>Deliang Wang, The University of Hong Kong<br>Zichao Wang, Rice University<br>Christabel Wayllace, New Mexico State University<br>Daniel Weitekamp, Carnegie Mellon University<br>Jacob Whitehill, Worcester Polytechnic Institute<br>Alistair Willis, The Open University<br>Aaron Wong, University of Minnesota<br>Chris Wong, University of Technology Sydney<br>Jacqueline Wong, Utrecht University<br>Beverly Park Woolf, University of Massachusetts<br>Yi-jung Wu, University of Wisconsin-Madison<br>Peter Wulff, Heidelberg University of Education<br>Jia Xu, Guangxi University<br>Elad Yacobson, Weizmann Institue of Science<br>Seyma Yildirim-Erbasli, Concordia University of Edmonton<br>Chengjiu Yin, Kyushu University<br>Andrew Zamecnik, University of South Australia<br>Diego Zapata-Rivera, Educational Testing Service<br>Jiayi Zhang, University of Pennsylvania<br>Lisa Zhang, University of Toronto<br>Wenbin Zhang, Florida International University<br>Yingbin Zhang, South China Normal University<br>Lanqin Zheng, Beijing Normal University<br>Stefano Zingaro, Universit\u00e0 di Bologna<\/p>\n","protected":false},"excerpt":{"rendered":"<p>Senior PC Members Bita Akram, North Carolina State UniversityGiora Alexandron, Weizmann Institute of ScienceRoger Azevedo, University of Central FloridaRyan Baker, University of PennsylvaniaTiffany Barnes, North Carolina State UniversityGautam Biswas, Vanderbilt UniversityIg Ibert Bittencourt, Federal University of AlagoasNigel Bosch, University of Illinois Urbana-ChampaignAnthony F. Botelho, University of FloridaFran\u00e7ois Bouchet, Sorbonne Universit\u00e9 &#8211; LIP6Alex Bowers, Columbia UniversityMin [&hellip;]<\/p>\n","protected":false},"author":23,"featured_media":0,"parent":0,"menu_order":0,"comment_status":"closed","ping_status":"closed","template":"","meta":{"_acf_changed":false,"_exactmetrics_skip_tracking":false,"_exactmetrics_sitenote_active":false,"_exactmetrics_sitenote_note":"","_exactmetrics_sitenote_category":0,"footnotes":""},"categories":[],"tags":[],"class_list":["post-697","page","type-page","status-publish","hentry"],"acf":[],"_links":{"self":[{"href":"https:\/\/educationaldatamining.org\/edm2024\/wp-json\/wp\/v2\/pages\/697","targetHints":{"allow":["GET"]}}],"collection":[{"href":"https:\/\/educationaldatamining.org\/edm2024\/wp-json\/wp\/v2\/pages"}],"about":[{"href":"https:\/\/educationaldatamining.org\/edm2024\/wp-json\/wp\/v2\/types\/page"}],"author":[{"embeddable":true,"href":"https:\/\/educationaldatamining.org\/edm2024\/wp-json\/wp\/v2\/users\/23"}],"replies":[{"embeddable":true,"href":"https:\/\/educationaldatamining.org\/edm2024\/wp-json\/wp\/v2\/comments?post=697"}],"version-history":[{"count":3,"href":"https:\/\/educationaldatamining.org\/edm2024\/wp-json\/wp\/v2\/pages\/697\/revisions"}],"predecessor-version":[{"id":700,"href":"https:\/\/educationaldatamining.org\/edm2024\/wp-json\/wp\/v2\/pages\/697\/revisions\/700"}],"wp:attachment":[{"href":"https:\/\/educationaldatamining.org\/edm2024\/wp-json\/wp\/v2\/media?parent=697"}],"wp:term":[{"taxonomy":"category","embeddable":true,"href":"https:\/\/educationaldatamining.org\/edm2024\/wp-json\/wp\/v2\/categories?post=697"},{"taxonomy":"post_tag","embeddable":true,"href":"https:\/\/educationaldatamining.org\/edm2024\/wp-json\/wp\/v2\/tags?post=697"}],"curies":[{"name":"wp","href":"https:\/\/api.w.org\/{rel}","templated":true}]}}