
{"id":617,"date":"2022-12-28T19:40:31","date_gmt":"2022-12-28T19:40:31","guid":{"rendered":"https:\/\/educationaldatamining.org\/edm2023\/?page_id=617"},"modified":"2023-07-21T04:53:01","modified_gmt":"2023-07-21T04:53:01","slug":"program-committee","status":"publish","type":"page","link":"https:\/\/educationaldatamining.org\/edm2023\/program-committee\/","title":{"rendered":"Program Committee"},"content":{"rendered":"\n<p>* <em>The list of program committee members is being expanded and will be updated as it becomes available. <\/em><\/p>\n\n\n\n<h2 class=\"wp-block-heading\">Area Chairs<\/h2>\n\n\n\n<div class=\"wp-block-buttons is-layout-flex wp-block-buttons-is-layout-flex\">\n<div class=\"wp-block-button is-style-outline is-style-outline--1\"><a class=\"wp-block-button__link has-text-color\" href=\"https:\/\/educationaldatamining.org\/edm2023\/wp-content\/uploads\/sites\/7\/2023\/03\/guidelines-area-chairs.pdf\" style=\"color:#003366\" target=\"_blank\" rel=\"noreferrer noopener\">Guidelines for Area Chairs<\/a><\/div>\n<\/div>\n\n\n\n<div style=\"height:20px\" aria-hidden=\"true\" class=\"wp-block-spacer\"><\/div>\n\n\n\n<p>Giora Alexandron (Weizmann Institute of Science)<br>Gautam Biswas (Vanderbilt University)<br>Anthony F. Botelho (University of Florida)<br>Alex Bowers (Columbia University)<br>Christopher Brooks (University of Michigan)<br>Alexandra Cristea (Durham University)<br>Carol Forsyth (Educational Testing Service)<br>Dragan Gasevic (Monash University)<br>Sharon Hsiao (Santa Clara University)<br>S\u00e9bastien Lall\u00e9 (Sorbonne University)<br>Andrew Lan (University of Massachusetts Amherst)<br>Collin Lynch (North Carolina State University)<br>Jaclyn Ocumpaugh (University of Pennsylvania)<br>Zach Pardos (University of California, Berkeley)<br>Philip I. Pavlik Jr. (University of Memphis)<br>Anna Rafferty (Carleton College)<br>Cristobal Romero (Department of Computer Sciences and Numerical Analysis)<br>Jonathan Rowe (North Carolina State University)<br>Shaghayegh Sahebi (University at Albany &#8211; SUNY)<br>Olga C. Santos (aDeNu Research Group (UNED))<br>Kalina Yacef (University of Sidney)<\/p>\n\n\n\n<h2 class=\"wp-block-heading\">Program Committee Members<\/h2>\n\n\n\n<div class=\"wp-block-buttons is-layout-flex wp-block-buttons-is-layout-flex\">\n<div class=\"wp-block-button is-style-outline is-style-outline--2\"><a class=\"wp-block-button__link has-text-color\" href=\"https:\/\/educationaldatamining.org\/edm2023\/wp-content\/uploads\/sites\/7\/2023\/01\/EDM-2023-Reviewer-Guidelines.pdf\" style=\"color:#003366\" target=\"_blank\" rel=\"noreferrer noopener\">Guidelines for PC Members<\/a><\/div>\n<\/div>\n\n\n\n<div style=\"height:20px\" aria-hidden=\"true\" class=\"wp-block-spacer\"><\/div>\n\n\n\n<p>Bita Akram (North Carolina State University)<br>Vincent Aleven (Human-Computer Interaction Institute, Carnegie Mellon University, Pittsburgh, USA)<br>Laura Allen (University of New Hampshire)<br>Claudia Antunes (Universidade de Lisboa)<br>Jose Azevedo (P.PORTO \/ ISCAP &#8211; POLIT\u00c9CNICO DO PORTO)<br>Roger Azevedo (University of Central Florida)<br>Ryan Baker (University of Pennsylvania)<br>Abhinava Barthakur (University of South Australia)<br>Prateek Basavaraj (American Association of State Colleges and Universities)<br>Tanmay Basu (Indian Institute of Science Education and Research Bhopal)<br>Nathaniel Blanchard (Colorado State University)<br>Geoffray Bonnin (Universit\u00e9 de Lorraine &#8211; LORIA)<br>Jesus G. Boticario (UNED)<br>Julien Broisin (Universit\u00e9 Toulouse 3 Paul Sabatier &#8211; IRIT)<br>Armelle Brun (LORIA &#8211; Universit\u00e9 de Lorraine)<br>Paulo Carvalho (Carnegie Mellon University)<br>Guanliang Chen (Monash University)<br>Irene-Angelica Chounta (University of Duisburg-Essen)<br>Linda Corrin (Deakin University)<br>Evandro Costa (Computing Institute, Federal University of Alagoas)<br>Carrie Demmans-Epp (University of Alberta)<br>Michel Desmarais (Ecole Polytechnique de Montreal)<br>Spyridon Doukakis (Ionian University)<br>Jeremiah Folsom-Kovarik (Soar Technology, Inc.)<br>Sabine Graf (Athabasca University)<br>Julio Guerra (University of Pittsburgh)<br>Ella Haig (School of Computing, University of Portsmouth)<br>Jiangang Hao (Educational Testing Service)<br>Neil Heffernan (Worcester Polytechnic Institute)<br>Arto Hellas (Aalto University)<br>Erik Hemberg (ALFA)<br>Martin Hlosta (The Swiss Distance University of Applied Sciences)<br>Paul Hur (University of Illinois at Urbana-Champaign)<br>S\u00e9bastien Iksal (LIUM &#8211; Le Mans Universit\u00e9, France)<br>Paul Salvador Inventado (California State University Fullerton)<br>Seiji Isotani (University of Sao Paulo)<br>Vladimir Ivan\u010devi\u0107 (University of Novi Sad, Faculty of Technical Sciences)<br>Lan Jiang (University of Illinois at Urbana-Champaign)<br>Yang Jiang (Educational Testing Service)<br>Jina Kang (University of Illinois Urbana-Champaign)<br>Kenneth Koedinger (Carnegie Mellon University)<br>Irena Koprinska (The University of Sydney)<br>Sotiris Kotsiantis (University of Patras)<br>Juho Leinonen (Aalto University)<br>James Lester (North Carolina State University)<br>Qi Liu (University of Science and Technology of China)<br>Yu Lu (Beijing Normal University)<br>Ivan Lukovi\u0107 (University of Novi Sad)<br>Aditi Mallavarapu (Digital Promise and University of Pittsburgh)<br>Mirko Marras (University of Cagliari)<br>Noboru Matsuda (North Carolina State University)<br>Ahmad Mel (IDLab, Ghent University)<br>Victor Menendez-Dominguez (Universidad Aut\u00f3noma de Yucat\u00e1n)<br>Agathe Merceron (Berliner Hochschule f\u00fcr Technik &#8211; University of Applied Sciences)<br>Donatella Merlini (Universit\u00e0 di Firenze)<br>Caitlin Mills (University of Minnesota)<br>Tsunenori Mine (Kyushu University)<br>Adway Mitra (IIT Kharagpur)<br>Tanja Mitrovic (Intelligent Computer Tutoring Group, University of Canterbury, Christchurch)<br>Pedro Manuel Moreno-Marcos (Universidad Carlos III de Madrid)<br>Bradford Mott (North Carolina State University)<br>Matthew Myers (University of Delaware)<br>Roger Nkambou (Universit\u00e9 du Qu\u00e9bec \u00e0 Montr\u00e9al)<br>Teresa Ober (Educational Testing Service)<br>Andrew Olney (University of Memphis)<br>Tounwendyam Fr\u00e9d\u00e9ric Ouedraogo (Universit\u00e9 Norbert Zongo)<br>Shalini Pandey (University of Minnesota)<br>Luc Paquette (University of Illinois at Urbana-Champaign)<br>Abelardo Pardo (University of South Australia)<br>Jasabanta Patro (IISER Bhopal)<br>Niels Pinkwart (Humboldt-Universit\u00e4t zu Berlin)<br>Paul Stefan Popescu (University of Craiova)<br>Sasha Poquet (Technical Univesity of Munich)<br>Thomas Price (North Carolina State University)<br>David Pritchard (Massachusetts Institute of Technology)<br>Ramkumar Rajendran (IIT Bombay)<br>Steven Ritter (Carnegie Learning, Inc.)<br>Maria Mercedes T. Rodrigo (Department of Information Systems and Computer Science, Ateneo de Manila University)<br>Ido Roll (Technion &#8211; Israel Institute of Technology)<br>Jos\u00e9 Ra\u00fal Romero (University of Cordoba)<br>Daniela Rotelli (Universit\u00e0 di Pisa)<br>Vasile Rus (The University of Memphis)<br>Sreecharan Sankaranarayanan (National Institute of Technology Karnataka, Surathkal)<br>Petra Sauer (beuth university of applied sciences)<br>Ana Serrano Mamolar (Universidad de Burgos)<br>Yang Shi (North Carolina State University)<br>Antonette Shibani (University of Technology, Sydney)<br>Atsushi Shimada (Kyushu University)<br>Stefan Slater (Teachers College)<br>Sergey Sosnovsky (Utrecht University)<br>Balaji Vasan Srinivasan (Adobe Research Big Data Experience Lab, Bangalore)<br>Jun-Ming Su (Department of Information and Learning Technology, National University of Tainan)<br>Ling Tan (Australian Council for Educational Research)<br>Khushboo Thaker (University of Pittsburgh)<br>Stefan Trausan-Matu (University Politehnica of Bucharest)<br>Anouschka van Leeuwen (Utrecht University)<br>Oswaldo Velez-Langs (Universidad de Cordoba)<br>R\u00e9mi Venant (Le Mans Universit\u00e9 &#8211; LIUM)<br>Tuyet-Trinh Vu (SOICT-HUST)<br>Shuai Wang (Shanghai Jiaotong University)<br>Stephan Weibelzahl (Private University of Applied Sciences G\u00f6ttingen)<br>Jacob Whitehill (Worcester Polytechnic Institute)<br>Beverly Park Woolf (University of Massachusetts)<br>Amelia Zafra G\u00f3mez (Department of Computer Sciences and Numerical Analysis)<br>Diego Zapata-Rivera (Educational Testing Service)<br>Yingbin Zhang (University of Illinois at Urbana-Champaign)<br>Wenbin Zhang (Michigan Technological University)<br>Jia Zhu (Florida International University)<br>Amal Zouaq (Ecole Polytechnique de Montr\u00e9al)<br>Javier Bravo Agapito (Universidad Complutense de Madrid)<\/p>\n","protected":false},"excerpt":{"rendered":"<p>* The list of program committee members is being expanded and will be updated as it becomes available. Area Chairs Giora Alexandron (Weizmann Institute of Science)Gautam Biswas (Vanderbilt University)Anthony F. Botelho (University of Florida)Alex Bowers (Columbia University)Christopher Brooks (University of Michigan)Alexandra Cristea (Durham University)Carol Forsyth (Educational Testing Service)Dragan Gasevic (Monash University)Sharon Hsiao (Santa Clara University)S\u00e9bastien [&hellip;]<\/p>\n","protected":false},"author":1,"featured_media":0,"parent":0,"menu_order":12,"comment_status":"closed","ping_status":"closed","template":"","meta":{"_acf_changed":false,"_exactmetrics_skip_tracking":false,"_exactmetrics_sitenote_active":false,"_exactmetrics_sitenote_note":"","_exactmetrics_sitenote_category":0,"footnotes":""},"categories":[],"tags":[],"class_list":["post-617","page","type-page","status-publish","hentry"],"acf":[],"_links":{"self":[{"href":"https:\/\/educationaldatamining.org\/edm2023\/wp-json\/wp\/v2\/pages\/617","targetHints":{"allow":["GET"]}}],"collection":[{"href":"https:\/\/educationaldatamining.org\/edm2023\/wp-json\/wp\/v2\/pages"}],"about":[{"href":"https:\/\/educationaldatamining.org\/edm2023\/wp-json\/wp\/v2\/types\/page"}],"author":[{"embeddable":true,"href":"https:\/\/educationaldatamining.org\/edm2023\/wp-json\/wp\/v2\/users\/1"}],"replies":[{"embeddable":true,"href":"https:\/\/educationaldatamining.org\/edm2023\/wp-json\/wp\/v2\/comments?post=617"}],"version-history":[{"count":17,"href":"https:\/\/educationaldatamining.org\/edm2023\/wp-json\/wp\/v2\/pages\/617\/revisions"}],"predecessor-version":[{"id":1606,"href":"https:\/\/educationaldatamining.org\/edm2023\/wp-json\/wp\/v2\/pages\/617\/revisions\/1606"}],"wp:attachment":[{"href":"https:\/\/educationaldatamining.org\/edm2023\/wp-json\/wp\/v2\/media?parent=617"}],"wp:term":[{"taxonomy":"category","embeddable":true,"href":"https:\/\/educationaldatamining.org\/edm2023\/wp-json\/wp\/v2\/categories?post=617"},{"taxonomy":"post_tag","embeddable":true,"href":"https:\/\/educationaldatamining.org\/edm2023\/wp-json\/wp\/v2\/tags?post=617"}],"curies":[{"name":"wp","href":"https:\/\/api.w.org\/{rel}","templated":true}]}}