
{"id":1678,"date":"2023-08-28T05:55:01","date_gmt":"2023-08-28T05:55:01","guid":{"rendered":"https:\/\/educationaldatamining.org\/edm2023\/?page_id=1678"},"modified":"2023-08-28T05:55:01","modified_gmt":"2023-08-28T05:55:01","slug":"awards","status":"publish","type":"page","link":"https:\/\/educationaldatamining.org\/edm2023\/program\/awards\/","title":{"rendered":"Awards"},"content":{"rendered":"\n<h2 class=\"wp-block-heading\">2023 Prof. Ram Kumar Educational Data Mining Test of Time Award<\/h2>\n\n\n\n<ul class=\"wp-block-list\"><li>A contextualized, differential sequence mining method to derive students&#8217; learning behavior patterns &#8211; John S. Kinnebrew, Kirk M. Loretz and Gautam Biswas<\/li><\/ul>\n\n\n\n<h2 class=\"wp-block-heading\">Best Full Paper Award<\/h2>\n\n\n\n<ul class=\"wp-block-list\"><li>Automated Search for Logistic Knowledge Tracing Models &#8211; Philip I. Pavlik Jr. and Luke G. Eglington<\/li><\/ul>\n\n\n\n<h2 class=\"wp-block-heading\">Best Student Paper Award<\/h2>\n\n\n\n<ul class=\"wp-block-list\"><li>Investigating the Importance of Demographic Features for EDM-Predictions &#8211; Lea Cohausz, Andrej Tschalzev, Christian Bartelt and Heiner Stuckenschmidt<\/li><\/ul>\n\n\n\n<h2 class=\"wp-block-heading\">Best Short Pape<strong>r Award<\/strong><\/h2>\n\n\n\n<ul class=\"wp-block-list\"><li>Towards Generalizable Detection of Urgency of Discussion Forum Posts &#8211; Valdemar \u0160v\u00e1bensk\u00fd, Ryan S. Baker, Andr\u00e9s Zambrano, Yishan Zou and Stefan Slater<\/li><\/ul>\n\n\n\n<h2 class=\"wp-block-heading\">Honorable Mention (Full Paper)<\/h2>\n\n\n\n<ul class=\"wp-block-list\"><li>Semantic Topic Chains for Modeling Temporality of Themes in Online Student Discussion Forums &#8211; Harshita Chopra, Yiwen Lin, Mohammad Amin Samadi, Jacqueline G. Cavazos, Renzhe Yu, Spencer Jaquay and Nia Nixon<\/li><li>Learning Problem Decomposition-Recomposition with Data-driven Chunky Parsons Problem within an Intelligent Logic Tutor &#8211; Preya Shabrina, Behrooz Mostafavi, Sutapa Dey Tithi, Min Chi and Tiffany Barnes<\/li><li>Can the Paths of Successful Students Help Other Students With Their Course Enrollments? &#8211; Kerstin Wagner, Agathe Merceron, Petra Sauer and Niels Pinkwart<\/li><\/ul>\n\n\n\n<h2 class=\"wp-block-heading\">Honorable Mention (Short Paper)<\/h2>\n\n\n\n<ul class=\"wp-block-list\"><li>The Predictiveness of PFA is Improved by Incorporating the Learner\u2019s Correct Response Time Fluctuation &#8211; Wei Chu and Philip I. Pavlik Jr.<\/li><li>Knowledge Tracing Over Time: A Longitudinal Analysis &#8211; Morgan P Lee, Ethan Croteau, Ashish Gurung, Anthony F. Botelho and Neil T. Heffernan<\/li><li>Can\u2019t Inflate Data? Let the Models Unite and Vote: Data-agnostic Method to Avoid Overfit with Small Data &#8211; Machi Shimmei and Noboru Matsuda<\/li><\/ul>\n","protected":false},"excerpt":{"rendered":"<p>2023 Prof. Ram Kumar Educational Data Mining Test of Time Award A contextualized, differential sequence mining method to derive students&#8217; learning behavior patterns &#8211; John S. Kinnebrew, Kirk M. Loretz and Gautam Biswas Best Full Paper Award Automated Search for Logistic Knowledge Tracing Models &#8211; Philip I. Pavlik Jr. and Luke G. Eglington Best Student [&hellip;]<\/p>\n","protected":false},"author":16,"featured_media":0,"parent":1004,"menu_order":2,"comment_status":"closed","ping_status":"closed","template":"","meta":{"_acf_changed":false,"_exactmetrics_skip_tracking":false,"_exactmetrics_sitenote_active":false,"_exactmetrics_sitenote_note":"","_exactmetrics_sitenote_category":0,"footnotes":""},"categories":[],"tags":[],"class_list":["post-1678","page","type-page","status-publish","hentry"],"acf":[],"_links":{"self":[{"href":"https:\/\/educationaldatamining.org\/edm2023\/wp-json\/wp\/v2\/pages\/1678","targetHints":{"allow":["GET"]}}],"collection":[{"href":"https:\/\/educationaldatamining.org\/edm2023\/wp-json\/wp\/v2\/pages"}],"about":[{"href":"https:\/\/educationaldatamining.org\/edm2023\/wp-json\/wp\/v2\/types\/page"}],"author":[{"embeddable":true,"href":"https:\/\/educationaldatamining.org\/edm2023\/wp-json\/wp\/v2\/users\/16"}],"replies":[{"embeddable":true,"href":"https:\/\/educationaldatamining.org\/edm2023\/wp-json\/wp\/v2\/comments?post=1678"}],"version-history":[{"count":1,"href":"https:\/\/educationaldatamining.org\/edm2023\/wp-json\/wp\/v2\/pages\/1678\/revisions"}],"predecessor-version":[{"id":1679,"href":"https:\/\/educationaldatamining.org\/edm2023\/wp-json\/wp\/v2\/pages\/1678\/revisions\/1679"}],"up":[{"embeddable":true,"href":"https:\/\/educationaldatamining.org\/edm2023\/wp-json\/wp\/v2\/pages\/1004"}],"wp:attachment":[{"href":"https:\/\/educationaldatamining.org\/edm2023\/wp-json\/wp\/v2\/media?parent=1678"}],"wp:term":[{"taxonomy":"category","embeddable":true,"href":"https:\/\/educationaldatamining.org\/edm2023\/wp-json\/wp\/v2\/categories?post=1678"},{"taxonomy":"post_tag","embeddable":true,"href":"https:\/\/educationaldatamining.org\/edm2023\/wp-json\/wp\/v2\/tags?post=1678"}],"curies":[{"name":"wp","href":"https:\/\/api.w.org\/{rel}","templated":true}]}}