
{"id":532,"date":"2021-06-23T19:29:00","date_gmt":"2021-06-23T19:29:00","guid":{"rendered":"https:\/\/educationaldatamining.org\/edm2021\/?page_id=532"},"modified":"2021-06-25T18:58:17","modified_gmt":"2021-06-25T18:58:17","slug":"keynote-speakers","status":"publish","type":"page","link":"https:\/\/educationaldatamining.org\/edm2021\/keynote-speakers\/","title":{"rendered":"Keynote Speakers"},"content":{"rendered":"\n<h3 class=\"wp-block-heading\"><a href=\"https:\/\/educationaldatamining.org\/EDM2021\/virtual\/speaker_1.html\">AI-driven Personalized Support to Learning Beyond Problem Solving<\/a><\/h3>\n\n\n\n<figure class=\"wp-block-image size-thumbnail\"><img decoding=\"async\" width=\"150\" height=\"150\" src=\"https:\/\/educationaldatamining.org\/edm2021\/wp-content\/uploads\/sites\/5\/2021\/06\/cristina2-1-150x150.png\" alt=\"\" class=\"wp-image-545\" srcset=\"https:\/\/educationaldatamining.org\/edm2021\/wp-content\/uploads\/sites\/5\/2021\/06\/cristina2-1-150x150.png 150w, https:\/\/educationaldatamining.org\/edm2021\/wp-content\/uploads\/sites\/5\/2021\/06\/cristina2-1-300x300.png 300w, https:\/\/educationaldatamining.org\/edm2021\/wp-content\/uploads\/sites\/5\/2021\/06\/cristina2-1-75x75.png 75w\" sizes=\"(max-width: 150px) 100vw, 150px\" \/><\/figure>\n\n\n\n<p><strong>Pr. Cristina Conati \/ University of British Columbia<\/strong><\/p>\n\n\n\n<p>There is extensive evidence that AI-based educational technology can effectively provide personalized support to help students learn problem solving skills in a variety of domains. In contrast, until recently there has been limited work on AI-based environments to support educational activities that are more exploratory in nature, such as learning from interactive simulations or playing educational games. These activities are becoming increasingly widespread, especially in the context of distant learning and other forms of self-directed learning, because they can increase motivation and foster grounded skills acquisition. However, not everyone can learn effectively from these activities, calling for AI-driven Learning Environments that can provide personalized support for open-ended exploratory learning, while interfering as little as possible with the unconstrained nature of the interaction. In this talk I will discuss the unique challenges of this endeavor, and our proposed solutions to address them, including how to devise AI-driven models that can track and react to open-ended behaviors beyond those traditionally addressed by analogous models for problem solving. I will also present our most recent results on the potential benefits of making such models explainable to their end users, especially if the explanations are personalized to each user\u2019s specific needs.<\/p>\n\n\n\n<h3 class=\"wp-block-heading\"><a href=\"https:\/\/educationaldatamining.org\/EDM2021\/virtual\/speaker_2.html\">From Modeling Individuals to Groups: It&#8217;s a Multimodal Multiparty<\/a><\/h3>\n\n\n\n<figure class=\"wp-block-image size-thumbnail\"><img decoding=\"async\" width=\"150\" height=\"150\" src=\"https:\/\/educationaldatamining.org\/edm2021\/wp-content\/uploads\/sites\/5\/2021\/06\/sidney-150x150.jpeg\" alt=\"\" class=\"wp-image-534\" srcset=\"https:\/\/educationaldatamining.org\/edm2021\/wp-content\/uploads\/sites\/5\/2021\/06\/sidney-150x150.jpeg 150w, https:\/\/educationaldatamining.org\/edm2021\/wp-content\/uploads\/sites\/5\/2021\/06\/sidney.jpeg 300w, https:\/\/educationaldatamining.org\/edm2021\/wp-content\/uploads\/sites\/5\/2021\/06\/sidney-75x75.jpeg 75w\" sizes=\"(max-width: 150px) 100vw, 150px\" \/><\/figure>\n\n\n\n<p><strong>Pr. Sidney D&#8217;Mello \/ University of Colorado Boulder<\/strong><\/p>\n\n\n\n<p>Educational data mining (EDM) has made tremendous progress in using click-stream log-data to model, adapt, and personalize to individual students. But learning is inherently a social endeavor involving interactions among living and breathing people, not cold, disembodied human-machine transactions. Thus, modeling and supporting groups of students in collaborative learning is an exciting frontier for EDM, especially for naturalistic interactions involving speech and language, posture and gesture, facial and head movements, and central and peripheral physiology. I\u2019ll discuss emerging research on multimodal, multiparty modeling and facilitation of collaborations among students, couples, and teams in the lab, the classroom, and workplace. I\u2019ll also discuss the NSF National Institute for Student-Agent Teaming which aims to: develop the theories, Artificial Intelligence (AI) technologies, and know-how for creating next-generation collaborative learning environments composed of diverse students, teachers, and AI.<\/p>\n\n\n\n<h3 class=\"wp-block-heading\"><a href=\"https:\/\/educationaldatamining.org\/EDM2021\/virtual\/speaker_3.html\">The classroom is the system<\/a><\/h3>\n\n\n\n<figure class=\"wp-block-image size-thumbnail\"><img decoding=\"async\" width=\"150\" height=\"150\" src=\"https:\/\/educationaldatamining.org\/edm2021\/wp-content\/uploads\/sites\/5\/2021\/06\/pierre-150x150.jpeg\" alt=\"\" class=\"wp-image-535\" srcset=\"https:\/\/educationaldatamining.org\/edm2021\/wp-content\/uploads\/sites\/5\/2021\/06\/pierre-150x150.jpeg 150w, https:\/\/educationaldatamining.org\/edm2021\/wp-content\/uploads\/sites\/5\/2021\/06\/pierre-300x300.jpeg 300w, https:\/\/educationaldatamining.org\/edm2021\/wp-content\/uploads\/sites\/5\/2021\/06\/pierre-75x75.jpeg 75w\" sizes=\"(max-width: 150px) 100vw, 150px\" \/><\/figure>\n\n\n\n<p><strong>Pr. Pierre Dillenbourg \/ \u00c9cole Polytechnique F\u00e9d\u00e9rale de Lausanne<\/strong><\/p>\n\n\n\n<p>Entering a modern car is like entering a computer with wheels, seats and windows. Similarly, entering a classroom is like entering a large digital system with chairs, windows and a board. The input devices of this system are not a keyboard and mouse, but an entire classroom and its various sensors. The output device of this system is not a screen but a set of digital elements distributed in the class. The output is not a simple reflection of the input but input data are processed by multiple operators that aggregate, compare and visualize data. The resulting dashboards are used for monitoring the learners\u2019 progress in order to decide when and to whom to intervene. They are also used to compile data from the constructivist activities for supporting the debriefing phase, as well as to predict the completion time of an activity. Monitoring, debriefing and timing are central processes in classroom orchestration.<\/p>\n","protected":false},"excerpt":{"rendered":"<p>AI-driven Personalized Support to Learning Beyond Problem Solving Pr. Cristina Conati \/ University of British Columbia There is extensive evidence that AI-based educational technology can<a href=\"https:\/\/educationaldatamining.org\/edm2021\/keynote-speakers\/\" class=\"more-link\">View More<\/a><\/p>\n","protected":false},"author":1,"featured_media":0,"parent":0,"menu_order":0,"comment_status":"closed","ping_status":"closed","template":"","meta":{"_acf_changed":false,"_exactmetrics_skip_tracking":false,"_exactmetrics_sitenote_active":false,"_exactmetrics_sitenote_note":"","_exactmetrics_sitenote_category":0,"footnotes":""},"class_list":["post-532","page","type-page","status-publish","hentry"],"acf":[],"_links":{"self":[{"href":"https:\/\/educationaldatamining.org\/edm2021\/wp-json\/wp\/v2\/pages\/532","targetHints":{"allow":["GET"]}}],"collection":[{"href":"https:\/\/educationaldatamining.org\/edm2021\/wp-json\/wp\/v2\/pages"}],"about":[{"href":"https:\/\/educationaldatamining.org\/edm2021\/wp-json\/wp\/v2\/types\/page"}],"author":[{"embeddable":true,"href":"https:\/\/educationaldatamining.org\/edm2021\/wp-json\/wp\/v2\/users\/1"}],"replies":[{"embeddable":true,"href":"https:\/\/educationaldatamining.org\/edm2021\/wp-json\/wp\/v2\/comments?post=532"}],"version-history":[{"count":7,"href":"https:\/\/educationaldatamining.org\/edm2021\/wp-json\/wp\/v2\/pages\/532\/revisions"}],"predecessor-version":[{"id":546,"href":"https:\/\/educationaldatamining.org\/edm2021\/wp-json\/wp\/v2\/pages\/532\/revisions\/546"}],"wp:attachment":[{"href":"https:\/\/educationaldatamining.org\/edm2021\/wp-json\/wp\/v2\/media?parent=532"}],"curies":[{"name":"wp","href":"https:\/\/api.w.org\/{rel}","templated":true}]}}