
{"id":321,"date":"2020-11-18T07:37:19","date_gmt":"2020-11-18T07:37:19","guid":{"rendered":"https:\/\/educationaldatamining.org\/edm2021\/?page_id=321"},"modified":"2020-11-18T07:38:04","modified_gmt":"2020-11-18T07:38:04","slug":"conference-organization","status":"publish","type":"page","link":"https:\/\/educationaldatamining.org\/edm2021\/conference-organization\/","title":{"rendered":"Conference Organization"},"content":{"rendered":"\n<h2 class=\"wp-block-heading\"><strong>General Chairs:<\/strong><\/h2>\n\n\n\n<ul class=\"wp-block-list\"><li>Fran\u00e7ois Bouchet (Sorbonne University, Paris, France)<\/li><li>Jill-J\u00eann Vie (Inria, France)<\/li><\/ul>\n\n\n\n<h2 class=\"wp-block-heading\"><strong>Program Chairs:&nbsp;<\/strong><\/h2>\n\n\n\n<ul class=\"wp-block-list\"><li>Sharon Hsiao (Arizona State University, AZ, USA)<\/li><li>Sherry Sahebi (University at Albany, NY, USA)<\/li><\/ul>\n\n\n\n<h2 class=\"wp-block-heading\"><strong>Workshop &amp; Tutorial Chairs:<\/strong><\/h2>\n\n\n\n<ul class=\"wp-block-list\"><li>Thomas Price (North Carolina State University, NC, USA)<\/li><li>Sweet San Pedro (ACT, Inc.)<\/li><\/ul>\n\n\n\n<h2 class=\"wp-block-heading\"><strong>Industry Track Chairs:<\/strong><\/h2>\n\n\n\n<ul class=\"wp-block-list\"><li>Giora Alexandron (Weizmann Institute of Science, Israel)<\/li><li>Niki Gitinabard (North Carolina State University, NC, USA)<\/li><\/ul>\n\n\n\n<h2 class=\"wp-block-heading\"><strong>Doctoral Consortium Chairs:&nbsp;<\/strong><\/h2>\n\n\n\n<ul class=\"wp-block-list\"><li>Min Chi (North Carolina State University, NC, USA)<\/li><li>Gautam Biswas (Vanderbilt University, TN, USA)<\/li><\/ul>\n\n\n\n<h2 class=\"wp-block-heading\"><strong>JEDM Track Chairs:<\/strong><\/h2>\n\n\n\n<ul class=\"wp-block-list\"><li>Amal Zouaq (Ecole Polytechnique de Montr\u00e9al, QC, Canada)<\/li><li>Olga Santos (UNED, Spain)<\/li><\/ul>\n\n\n\n<h2 class=\"wp-block-heading\"><strong>Poster &amp; Demo Track Chairs:&nbsp;<\/strong><\/h2>\n\n\n\n<ul class=\"wp-block-list\"><li>Ange Tato (Universit\u00e9 du Qu\u00e9bec \u00e0 Montr\u00e9al, QC, Canada)<\/li><li>Hassan Khosravi (University of Queensland, Australia)<\/li><\/ul>\n\n\n\n<h2 class=\"wp-block-heading\"><strong>Publication\/Proceedings Chairs:<\/strong><\/h2>\n\n\n\n<ul class=\"wp-block-list\"><li>Fatima Harrak (Sorbonne University, Paris, France)<\/li><li>Cheng-Yu Chung (Arizona State University, AZ, USA)&nbsp;<\/li><\/ul>\n\n\n\n<h2 class=\"wp-block-heading\"><strong>Sponsorship Chair:<\/strong><\/h2>\n\n\n\n<ul class=\"wp-block-list\"><li>Beno\u00eet Choffin (Paris-Saclay University, France)<\/li><\/ul>\n\n\n\n<h2 class=\"wp-block-heading\"><strong>Publicity\/Social Media Chair:<\/strong><\/h2>\n\n\n\n<ul class=\"wp-block-list\"><li>Khushboo Thaker (University of Pittsburgh, PA, USA)<\/li><\/ul>\n\n\n\n<h2 class=\"wp-block-heading\"><strong>Web Chair:<\/strong><\/h2>\n\n\n\n<ul class=\"wp-block-list\"><li>Paul Salvador Inventado (California State University Fullerton, CA, USA)<\/li><\/ul>\n","protected":false},"excerpt":{"rendered":"<p>General Chairs: Fran\u00e7ois Bouchet (Sorbonne University, Paris, France) Jill-J\u00eann Vie (Inria, France) Program Chairs:&nbsp; Sharon Hsiao (Arizona State University, AZ, USA) Sherry Sahebi (University at<a href=\"https:\/\/educationaldatamining.org\/edm2021\/conference-organization\/\" class=\"more-link\">View More<\/a><\/p>\n","protected":false},"author":1,"featured_media":0,"parent":0,"menu_order":0,"comment_status":"closed","ping_status":"closed","template":"","meta":{"_acf_changed":false,"_exactmetrics_skip_tracking":false,"_exactmetrics_sitenote_active":false,"_exactmetrics_sitenote_note":"","_exactmetrics_sitenote_category":0,"footnotes":""},"class_list":["post-321","page","type-page","status-publish","hentry"],"acf":[],"_links":{"self":[{"href":"https:\/\/educationaldatamining.org\/edm2021\/wp-json\/wp\/v2\/pages\/321","targetHints":{"allow":["GET"]}}],"collection":[{"href":"https:\/\/educationaldatamining.org\/edm2021\/wp-json\/wp\/v2\/pages"}],"about":[{"href":"https:\/\/educationaldatamining.org\/edm2021\/wp-json\/wp\/v2\/types\/page"}],"author":[{"embeddable":true,"href":"https:\/\/educationaldatamining.org\/edm2021\/wp-json\/wp\/v2\/users\/1"}],"replies":[{"embeddable":true,"href":"https:\/\/educationaldatamining.org\/edm2021\/wp-json\/wp\/v2\/comments?post=321"}],"version-history":[{"count":2,"href":"https:\/\/educationaldatamining.org\/edm2021\/wp-json\/wp\/v2\/pages\/321\/revisions"}],"predecessor-version":[{"id":323,"href":"https:\/\/educationaldatamining.org\/edm2021\/wp-json\/wp\/v2\/pages\/321\/revisions\/323"}],"wp:attachment":[{"href":"https:\/\/educationaldatamining.org\/edm2021\/wp-json\/wp\/v2\/media?parent=321"}],"curies":[{"name":"wp","href":"https:\/\/api.w.org\/{rel}","templated":true}]}}