
{"id":287,"date":"2020-03-11T18:55:02","date_gmt":"2020-03-11T18:55:02","guid":{"rendered":"http:\/\/educationaldatamining.org\/edm2020\/?page_id=287"},"modified":"2020-03-11T18:55:02","modified_gmt":"2020-03-11T18:55:02","slug":"program-committee","status":"publish","type":"page","link":"https:\/\/educationaldatamining.org\/edm2020\/program-committee\/","title":{"rendered":"Program Committee"},"content":{"rendered":"\n<h2 class=\"wp-block-heading\">Senior Program Committee<\/h2>\n\n\n\n<table class=\"wp-block-table\"><tbody><tr><td>Agathe Merceron<\/td><\/tr><tr><td>Andrew Olney<\/td><\/tr><tr><td>Bradford Mott<\/td><\/tr><tr><td>Collin Lynch<\/td><\/tr><tr><td>Dragan Gasevic<\/td><\/tr><tr><td>Fran\u00e7ois Bouchet<\/td><\/tr><tr><td>Gautam Biswas<\/td><\/tr><tr><td>Irena Koprinska<\/td><\/tr><tr><td>James Lester<\/td><\/tr><tr><td>Jesus G. Boticario<\/td><\/tr><tr><td>Jill-J\u00eann Vie<\/td><\/tr><tr><td>John Stamper<\/td><\/tr><tr><td>Jos\u00e9 Gonz\u00e1lez-Brenes<\/td><\/tr><tr><td>Justin Reich<\/td><\/tr><tr><td>Ken Koedinger<\/td><\/tr><tr><td>Kristy Elizabeth Boyer<\/td><\/tr><tr><td>Luc Paquette<\/td><\/tr><tr><td>Ma. Mercedes T. Rodrigo<\/td><\/tr><tr><td>Martina Rau<\/td><\/tr><tr><td>Michel Desmarais<\/td><\/tr><tr><td>Min Chi<\/td><\/tr><tr><td>Mingyu Feng<\/td><\/tr><tr><td>Mykola Pechenizkiy<\/td><\/tr><tr><td>Neil Heffernan<\/td><\/tr><tr><td>Niels Pinkwart<\/td><\/tr><tr><td>Noboru Matsuda<\/td><\/tr><tr><td>Olga C. Santos<\/td><\/tr><tr><td>Philip I. Pavlik Jr.<\/td><\/tr><tr><td>Roger Azevedo<\/td><\/tr><tr><td>Roger Nkambou<\/td><\/tr><tr><td>Sebasti\u00e1n Ventura<\/td><\/tr><tr><td>Sharon Hsiao<\/td><\/tr><tr><td>Sidney D&#8217;Mello<\/td><\/tr><tr><td>Stefan Trausan-Matu<\/td><\/tr><tr><td>Stephan Weibelzahl<\/td><\/tr><tr><td>Stephen Fancsali<\/td><\/tr><tr><td>Steven Ritter<\/td><\/tr><tr><td>Tiffany Barnes<\/td><\/tr><tr><td>Vanda Luengo<\/td><\/tr><tr><td>Vasile Rus<\/td><\/tr><tr><td>Zach Pardos<\/td><\/tr><\/tbody><\/table>\n\n\n\n<h2 class=\"wp-block-heading\">Program Committee<\/h2>\n\n\n\n<table class=\"wp-block-table\"><tbody><tr><td>Abelardo Pardo<\/td><\/tr><tr><td>Alberto Cano<\/td><\/tr><tr><td>Alexandra Cristea<\/td><\/tr><tr><td>Alfredo Zapata Gonz\u00e1lez<\/td><\/tr><tr><td>Amal Zouaq<\/td><\/tr><tr><td>Amelia Zafra G\u00f3mez<\/td><\/tr><tr><td>Andreas Paepcke<\/td><\/tr><tr><td>Angela Stewart<\/td><\/tr><tr><td>Anthony F. Botelho<\/td><\/tr><tr><td>Armelle Brun<\/td><\/tr><tr><td>Beverly Park Woolf<\/td><\/tr><tr><td>Bruno Emond<\/td><\/tr><tr><td>Burcu Arslan<\/td><\/tr><tr><td>Caitlin Tenison<\/td><\/tr><tr><td>Carlos Garc\u00eda-Mart\u00ednez<\/td><\/tr><tr><td>Carol Forsyth<\/td><\/tr><tr><td>Cecilia Aguerrebere<\/td><\/tr><tr><td>Chad Coleman<\/td><\/tr><tr><td>Chen Lin<\/td><\/tr><tr><td>Chris Piech<\/td><\/tr><tr><td>Costin Badica<\/td><\/tr><tr><td>Craig Zilles<\/td><\/tr><tr><td>Cristian Mihaescu<\/td><\/tr><tr><td>Davide Fossati<\/td><\/tr><tr><td>Diego Zapata-Rivera<\/td><\/tr><tr><td>Donatella Merlini<\/td><\/tr><tr><td>Elle Yuan Wang<\/td><\/tr><tr><td>Erik Harpstead<\/td><\/tr><tr><td>Erik Hemberg<\/td><\/tr><tr><td>Farzaneh Khoshnevisan<\/td><\/tr><tr><td>Fatima Harrak<\/td><\/tr><tr><td>Giora Alexandron<\/td><\/tr><tr><td>Guanliang Chen<\/td><\/tr><tr><td>Guojing Zhou<\/td><\/tr><tr><td>Hassane Darhmaoui<\/td><\/tr><tr><td>Irene-Angelica Chounta<\/td><\/tr><tr><td>Ivan Lukovi\u0107<\/td><\/tr><tr><td>Ivon Arroyo<\/td><\/tr><tr><td>Jaclyn Ocumpaugh<\/td><\/tr><tr><td>Javier Bravo-Agapito<\/td><\/tr><tr><td>Jiangang Hao<\/td><\/tr><tr><td>Jina Kang<\/td><\/tr><tr><td>Jos\u00e9 Ra\u00fal Romero<\/td><\/tr><tr><td>Joshua Gardner<\/td><\/tr><tr><td>Jun-Ming Su<\/td><\/tr><tr><td>Keith Brawner<\/td><\/tr><tr><td>Kenneth Holstein<\/td><\/tr><tr><td>Kerrie Douglas<\/td><\/tr><tr><td>Korinn Ostrow<\/td><\/tr><tr><td>Ling Tan<\/td><\/tr><tr><td>Linting Xue<\/td><\/tr><tr><td>Marcus Specht<\/td><\/tr><tr><td>Maria Luque<\/td><\/tr><tr><td>Maria Ofelia San Pedro<\/td><\/tr><tr><td>Michael Eagle<\/td><\/tr><tr><td>Michael Mozer<\/td><\/tr><tr><td>Miguel \u00c1ngel Conde<\/td><\/tr><tr><td>Mihaela Cocea<\/td><\/tr><tr><td>Mirko Marras<\/td><\/tr><tr><td>Nicholas Diana<\/td><\/tr><tr><td>Nigel Bosch<\/td><\/tr><tr><td>Niki Gitinabard<\/td><\/tr><tr><td>Paul Hur<\/td><\/tr><tr><td>Paul Salvador Inventado<\/td><\/tr><tr><td>Paul Stefan Popescu<\/td><\/tr><tr><td>Pedro J. Mu\u00f1oz-Merino<\/td><\/tr><tr><td>Philip Guo<\/td><\/tr><tr><td>R\u00e9mi Venant<\/td><\/tr><tr><td>Renza Campagni<\/td><\/tr><tr><td>S\u00e9bastien Lall\u00e9<\/td><\/tr><tr><td>Shaghayegh Sahebi<\/td><\/tr><tr><td>Shai Olsher<\/td><\/tr><tr><td>Shalini Pandey<\/td><\/tr><tr><td>Shayan Doroudi<\/td><\/tr><tr><td>Shitian Shen<\/td><\/tr><tr><td>Sotiris Kotsiantis<\/td><\/tr><tr><td>Soumya Gosukonda<\/td><\/tr><tr><td>Stefan Slater<\/td><\/tr><tr><td>Stephen Hutt<\/td><\/tr><tr><td>Thomas Price<\/td><\/tr><tr><td>Unamay Oreilly<\/td><\/tr><tr><td>Vanessa Simmering<\/td><\/tr><tr><td>Vladimir Ivan\u010devi\u0107<\/td><\/tr><tr><td>Wookhee Min<\/td><\/tr><tr><td>Yolaine Bourda<\/td><\/tr><\/tbody><\/table>\n","protected":false},"excerpt":{"rendered":"<p>Senior Program Committee Agathe Merceron Andrew Olney Bradford Mott Collin Lynch Dragan Gasevic Fran\u00e7ois Bouchet Gautam Biswas Irena Koprinska James Lester Jesus G. Boticario Jill-J\u00eann Vie John Stamper Jos\u00e9 Gonz\u00e1lez-Brenes Justin Reich Ken Koedinger Kristy Elizabeth Boyer Luc Paquette Ma&#8230;. <a class=\"more-link\" href=\"https:\/\/educationaldatamining.org\/edm2020\/program-committee\/\">Continue Reading &rarr;<\/a><\/p>\n","protected":false},"author":1,"featured_media":0,"parent":0,"menu_order":0,"comment_status":"closed","ping_status":"closed","template":"","meta":{"_acf_changed":false,"_exactmetrics_skip_tracking":false,"_exactmetrics_sitenote_active":false,"_exactmetrics_sitenote_note":"","_exactmetrics_sitenote_category":0,"footnotes":""},"class_list":["post-287","page","type-page","status-publish","hentry"],"acf":[],"_links":{"self":[{"href":"https:\/\/educationaldatamining.org\/edm2020\/wp-json\/wp\/v2\/pages\/287","targetHints":{"allow":["GET"]}}],"collection":[{"href":"https:\/\/educationaldatamining.org\/edm2020\/wp-json\/wp\/v2\/pages"}],"about":[{"href":"https:\/\/educationaldatamining.org\/edm2020\/wp-json\/wp\/v2\/types\/page"}],"author":[{"embeddable":true,"href":"https:\/\/educationaldatamining.org\/edm2020\/wp-json\/wp\/v2\/users\/1"}],"replies":[{"embeddable":true,"href":"https:\/\/educationaldatamining.org\/edm2020\/wp-json\/wp\/v2\/comments?post=287"}],"version-history":[{"count":1,"href":"https:\/\/educationaldatamining.org\/edm2020\/wp-json\/wp\/v2\/pages\/287\/revisions"}],"predecessor-version":[{"id":288,"href":"https:\/\/educationaldatamining.org\/edm2020\/wp-json\/wp\/v2\/pages\/287\/revisions\/288"}],"wp:attachment":[{"href":"https:\/\/educationaldatamining.org\/edm2020\/wp-json\/wp\/v2\/media?parent=287"}],"curies":[{"name":"wp","href":"https:\/\/api.w.org\/{rel}","templated":true}]}}