
{"id":45,"date":"2018-09-25T06:14:33","date_gmt":"2018-09-25T06:14:33","guid":{"rendered":"http:\/\/educationaldatamining.org\/edm2019\/?page_id=45"},"modified":"2020-01-17T16:36:55","modified_gmt":"2020-01-17T16:36:55","slug":"committee","status":"publish","type":"page","link":"https:\/\/educationaldatamining.org\/edm2019\/committee\/","title":{"rendered":"Committees"},"content":{"rendered":"<p dir=\"ltr\"><strong>General chairs:\u00a0\u00a0<\/strong>Michel Desmarais (Polytechnique Montr\u00e9al) and Roger Nkambou (Universit\u00e9 du Qu\u00e9bec \u00e0 Montr\u00e9al)<\/p>\n<p dir=\"ltr\"><strong>Program chairs:<\/strong>\u00a0Collin Lynch (North Carolina State University) and Agathe Merceron (Beuth University of Applied Sciences Berlin)<\/p>\n<p dir=\"ltr\"><strong>Workshop &amp; Tutorial Chairs<\/strong>: Luc Paquette (The University of Illinois at Urbana-Champaign) and Cristobal Romero (University of Cordoba)<\/p>\n<p dir=\"ltr\"><strong>Industry Track Chairs<\/strong>: KP Thai (Yixue Education) and Mary Jean Blink (TutorGen)<\/p>\n<p dir=\"ltr\"><strong>Doctoral Consortium Chairs<\/strong>:\u00a0Andrew Lan (Princeton University) and Mykola Pechenizkiy (Eindhoven University of Technology, TU\/e)<\/p>\n<p dir=\"ltr\"><strong>JEDM Track Chairs<\/strong>: Michael Yudelson (ACT, Inc.) and Andrew Olney (University of Memphis)<\/p>\n<p dir=\"ltr\"><strong>Poster &amp; Demo Track Chairs<\/strong>: Bruno Emond (National Research Council of Canada) and Jill-Jenn Vie (RIKEN, Tokyo)<\/p>\n<p dir=\"ltr\"><strong>Sponsorship Chairs<\/strong>: Steven Fancsali (Carnegie Learning, Inc., Pittsburgh) and Roger Nkambou (Universit\u00e9 du Qu\u00e9bec \u00e0 Montr\u00e9al)<\/p>\n<p dir=\"ltr\"><strong>Volunteer Chairs<\/strong>: Sophie Calli\u00e8s \u00a0and Ange Tato (Universit\u00e9 du Qu\u00e9bec \u00e0 Montr\u00e9al)<\/p>\n<p dir=\"ltr\"><strong>Publicity\/Social Media Chair<\/strong>: Michael Eagle (Carnegie-Mellon University)<\/p>\n<p>&lt;!&#8211;p dir=&#8221;ltr&#8221;&gt;<strong>Sponsorship Chair:<\/strong>&lt;\/p&#8211;&gt;<\/p>\n<p dir=\"ltr\"><strong>Web chair:<\/strong> Paul Salvador Inventado (California State University, Fullerton).<\/p>\n","protected":false},"excerpt":{"rendered":"<p>General chairs:\u00a0\u00a0Michel Desmarais (Polytechnique Montr\u00e9al) and Roger Nkambou (Universit\u00e9 du Qu\u00e9bec \u00e0 Montr\u00e9al) Program chairs:\u00a0Collin Lynch (North Carolina State University) and Agathe Merceron (Beuth University of Applied Sciences Berlin) Workshop &amp; Tutorial Chairs: Luc Paquette (The University of Illinois at&#8230; <a class=\"more-link\" href=\"https:\/\/educationaldatamining.org\/edm2019\/committee\/\">Continue Reading &rarr;<\/a><\/p>\n","protected":false},"author":1,"featured_media":0,"parent":0,"menu_order":0,"comment_status":"closed","ping_status":"closed","template":"","meta":{"footnotes":""},"class_list":["post-45","page","type-page","status-publish","hentry"],"_links":{"self":[{"href":"https:\/\/educationaldatamining.org\/edm2019\/wp-json\/wp\/v2\/pages\/45","targetHints":{"allow":["GET"]}}],"collection":[{"href":"https:\/\/educationaldatamining.org\/edm2019\/wp-json\/wp\/v2\/pages"}],"about":[{"href":"https:\/\/educationaldatamining.org\/edm2019\/wp-json\/wp\/v2\/types\/page"}],"author":[{"embeddable":true,"href":"https:\/\/educationaldatamining.org\/edm2019\/wp-json\/wp\/v2\/users\/1"}],"replies":[{"embeddable":true,"href":"https:\/\/educationaldatamining.org\/edm2019\/wp-json\/wp\/v2\/comments?post=45"}],"version-history":[{"count":16,"href":"https:\/\/educationaldatamining.org\/edm2019\/wp-json\/wp\/v2\/pages\/45\/revisions"}],"predecessor-version":[{"id":571,"href":"https:\/\/educationaldatamining.org\/edm2019\/wp-json\/wp\/v2\/pages\/45\/revisions\/571"}],"wp:attachment":[{"href":"https:\/\/educationaldatamining.org\/edm2019\/wp-json\/wp\/v2\/media?parent=45"}],"curies":[{"name":"wp","href":"https:\/\/api.w.org\/{rel}","templated":true}]}}