
{"id":386,"date":"2019-05-08T11:28:14","date_gmt":"2019-05-08T11:28:14","guid":{"rendered":"http:\/\/educationaldatamining.org\/edm2019\/?page_id=386"},"modified":"2019-05-08T11:28:14","modified_gmt":"2019-05-08T11:28:14","slug":"senior-pc-members","status":"publish","type":"page","link":"https:\/\/educationaldatamining.org\/edm2019\/senior-pc-members\/","title":{"rendered":"Senior PC Members"},"content":{"rendered":"<table width=\"1048\">\n<tbody>\n<tr>\n<td width=\"115\">Esma<\/td>\n<td width=\"161\">Aimeur<\/td>\n<td width=\"772\">University of Montreal<\/td>\n<\/tr>\n<tr>\n<td>Ryan<\/td>\n<td>Baker<\/td>\n<td>University of Pennsylvania<\/td>\n<\/tr>\n<tr>\n<td>Tiffany<\/td>\n<td>Barnes<\/td>\n<td>North Carolina State University<\/td>\n<\/tr>\n<tr>\n<td>Jesus G.<\/td>\n<td>Boticario<\/td>\n<td>UNED<\/td>\n<\/tr>\n<tr>\n<td>Fran\u00e7ois<\/td>\n<td>Bouchet<\/td>\n<td>Sorbonne Universit\u00e9 &#8211; LIP6<\/td>\n<\/tr>\n<tr>\n<td>Alex<\/td>\n<td>Bowers<\/td>\n<td>Columbia University<\/td>\n<\/tr>\n<tr>\n<td>Kristy Elizabeth<\/td>\n<td>Boyer<\/td>\n<td>University of Florida<\/td>\n<\/tr>\n<tr>\n<td>Peter<\/td>\n<td>Brusilovsky<\/td>\n<td>University of Pittsburgh<\/td>\n<\/tr>\n<tr>\n<td>Min<\/td>\n<td>Chi<\/td>\n<td>BeiKaZhouLi<\/td>\n<\/tr>\n<tr>\n<td>Sidney<\/td>\n<td>D&#8217;Mello<\/td>\n<td>University of Colorado Boulder<\/td>\n<\/tr>\n<tr>\n<td>Michel<\/td>\n<td>Desmarais<\/td>\n<td>Ecole Polytechnique Motreal<\/td>\n<\/tr>\n<tr>\n<td>Collin<\/td>\n<td>F. Lynch<\/td>\n<td>North Carolina State University<\/td>\n<\/tr>\n<tr>\n<td>Stephen<\/td>\n<td>Fancsali<\/td>\n<td>Carnegie Learning, Inc.<\/td>\n<\/tr>\n<tr>\n<td>Mingyu<\/td>\n<td>Feng<\/td>\n<td>SRI International<\/td>\n<\/tr>\n<tr>\n<td>April<\/td>\n<td>Galyardt<\/td>\n<td>Software Engineering Institute<\/td>\n<\/tr>\n<tr>\n<td>Dragan<\/td>\n<td>Gasevic<\/td>\n<td>Monash University<\/td>\n<\/tr>\n<tr>\n<td>Ilya<\/td>\n<td>Goldin<\/td>\n<td>2U, Inc.<\/td>\n<\/tr>\n<tr>\n<td>Jos\u00e9<\/td>\n<td>Gonz\u00e1lez-Brenes<\/td>\n<td>Chegg<\/td>\n<\/tr>\n<tr>\n<td>Neil<\/td>\n<td>Heffernan<\/td>\n<td>Worcester Polytechnic Institute<\/td>\n<\/tr>\n<tr>\n<td>Arnon<\/td>\n<td>Hershkovitz<\/td>\n<td>Tel Aviv University<\/td>\n<\/tr>\n<tr>\n<td>Sharon<\/td>\n<td>Hsiao<\/td>\n<td>Arizona State University<\/td>\n<\/tr>\n<tr>\n<td>Xiangen<\/td>\n<td>Hu<\/td>\n<td>The University of Memphis<\/td>\n<\/tr>\n<tr>\n<td>Kenneth<\/td>\n<td>Koedinger<\/td>\n<td>Carnegie Mellon University<\/td>\n<\/tr>\n<tr>\n<td>Irena<\/td>\n<td>Koprinska<\/td>\n<td>The University of Sydney<\/td>\n<\/tr>\n<tr>\n<td>Charles<\/td>\n<td>Lang<\/td>\n<td>Columbia University<\/td>\n<\/tr>\n<tr>\n<td>James<\/td>\n<td>Lester<\/td>\n<td>North Carolina State University<\/td>\n<\/tr>\n<tr>\n<td>Vanda<\/td>\n<td>Luengo<\/td>\n<td>Laboratoire d&#8217;informatique de Paris, LIP6, Sorbonne Universit\u00e9<\/td>\n<\/tr>\n<tr>\n<td>Noboru<\/td>\n<td>Matsuda<\/td>\n<td>North Carolina State University<\/td>\n<\/tr>\n<tr>\n<td>Manolis<\/td>\n<td>Mavrikis<\/td>\n<td>London Knowledge Lab<\/td>\n<\/tr>\n<tr>\n<td>Agathe<\/td>\n<td>Merceron<\/td>\n<td>Beuth Hochschule f\u00fcr Technik Berlin<\/td>\n<\/tr>\n<tr>\n<td>Bradford<\/td>\n<td>Mott<\/td>\n<td>North Carolina State University<\/td>\n<\/tr>\n<tr>\n<td>Roger<\/td>\n<td>Nkambou<\/td>\n<td>Universit\u00e9 du Qu\u00e9bec \u00e0 Montr\u00e9al<\/td>\n<\/tr>\n<tr>\n<td>Andrew<\/td>\n<td>Olney<\/td>\n<td>University of Memphis<\/td>\n<\/tr>\n<tr>\n<td>Luc<\/td>\n<td>Paquette<\/td>\n<td>University of Illinois at Urbana-Champaign<\/td>\n<\/tr>\n<tr>\n<td>Zach<\/td>\n<td>Pardos<\/td>\n<td>University of California, Berkeley<\/td>\n<\/tr>\n<tr>\n<td>Philip I.<\/td>\n<td>Pavlik Jr.<\/td>\n<td>University of Memphis<\/td>\n<\/tr>\n<tr>\n<td>Mykola<\/td>\n<td>Pechenizkiy<\/td>\n<td>Eindhoven University of Technology<\/td>\n<\/tr>\n<tr>\n<td>Radek<\/td>\n<td>Pel\u00e1nek<\/td>\n<td>Masaryk University Brno<\/td>\n<\/tr>\n<tr>\n<td>Niels<\/td>\n<td>Pinkwart<\/td>\n<td>Humboldt-Universit\u00e4t zu Berlin<\/td>\n<\/tr>\n<tr>\n<td>Martina<\/td>\n<td>Rau<\/td>\n<td>University of Wisconsin &#8211; Madison, Department of Educational Psychology<\/td>\n<\/tr>\n<tr>\n<td>Steven<\/td>\n<td>Ritter<\/td>\n<td>Carnegie Learning, Inc.<\/td>\n<\/tr>\n<tr>\n<td>Ma. Mercedes T.<\/td>\n<td>Rodrigo<\/td>\n<td>Department of Information Systems and Computer Science, Ateneo de Manila University<\/td>\n<\/tr>\n<tr>\n<td>Cristobal<\/td>\n<td>Romero<\/td>\n<td>Department of Computer Sciences and Numerical Analysis<\/td>\n<\/tr>\n<tr>\n<td>Carolyn<\/td>\n<td>Rose<\/td>\n<td>Carnegie Mellon University<\/td>\n<\/tr>\n<tr>\n<td>Vasile<\/td>\n<td>Rus<\/td>\n<td>The University of Memphis<\/td>\n<\/tr>\n<tr>\n<td>Olga C.<\/td>\n<td>Santos<\/td>\n<td>aDeNu Research Group (UNED)<\/td>\n<\/tr>\n<tr>\n<td>David<\/td>\n<td>Shaffer<\/td>\n<td>University of Wisconsin-Madison<\/td>\n<\/tr>\n<tr>\n<td>John<\/td>\n<td>Stamper<\/td>\n<td>Carnegie Mellon University<\/td>\n<\/tr>\n<tr>\n<td>Stefan<\/td>\n<td>Trausan-Matu<\/td>\n<td>University Politehnica of Bucharest<\/td>\n<\/tr>\n<tr>\n<td>Sebasti\u00e1n<\/td>\n<td>Ventura<\/td>\n<td>University of Cordoba. Dept. of Computer Science and Numerical Analysis<\/td>\n<\/tr>\n<tr>\n<td>Stephan<\/td>\n<td>Weibelzahl<\/td>\n<td>Private University of Applied Sciences G\u00f6ttingen<\/td>\n<\/tr>\n<tr>\n<td>Eric<\/td>\n<td>Wiebe<\/td>\n<td>North Carolina State University<\/td>\n<\/tr>\n<tr>\n<td>Kalina<\/td>\n<td>Yacef<\/td>\n<td>The University of Sydney<\/td>\n<\/tr>\n<\/tbody>\n<\/table>\n","protected":false},"excerpt":{"rendered":"<p>Esma Aimeur University of Montreal Ryan Baker University of Pennsylvania Tiffany Barnes North Carolina State University Jesus G. Boticario UNED Fran\u00e7ois Bouchet Sorbonne Universit\u00e9 &#8211; LIP6 Alex Bowers Columbia University Kristy Elizabeth Boyer University of Florida Peter Brusilovsky University of&#8230; <a class=\"more-link\" href=\"https:\/\/educationaldatamining.org\/edm2019\/senior-pc-members\/\">Continue Reading &rarr;<\/a><\/p>\n","protected":false},"author":5,"featured_media":0,"parent":0,"menu_order":0,"comment_status":"closed","ping_status":"closed","template":"","meta":{"footnotes":""},"class_list":["post-386","page","type-page","status-publish","hentry"],"_links":{"self":[{"href":"https:\/\/educationaldatamining.org\/edm2019\/wp-json\/wp\/v2\/pages\/386","targetHints":{"allow":["GET"]}}],"collection":[{"href":"https:\/\/educationaldatamining.org\/edm2019\/wp-json\/wp\/v2\/pages"}],"about":[{"href":"https:\/\/educationaldatamining.org\/edm2019\/wp-json\/wp\/v2\/types\/page"}],"author":[{"embeddable":true,"href":"https:\/\/educationaldatamining.org\/edm2019\/wp-json\/wp\/v2\/users\/5"}],"replies":[{"embeddable":true,"href":"https:\/\/educationaldatamining.org\/edm2019\/wp-json\/wp\/v2\/comments?post=386"}],"version-history":[{"count":1,"href":"https:\/\/educationaldatamining.org\/edm2019\/wp-json\/wp\/v2\/pages\/386\/revisions"}],"predecessor-version":[{"id":387,"href":"https:\/\/educationaldatamining.org\/edm2019\/wp-json\/wp\/v2\/pages\/386\/revisions\/387"}],"wp:attachment":[{"href":"https:\/\/educationaldatamining.org\/edm2019\/wp-json\/wp\/v2\/media?parent=386"}],"curies":[{"name":"wp","href":"https:\/\/api.w.org\/{rel}","templated":true}]}}